{"id":59,"date":"2024-11-22T14:21:14","date_gmt":"2024-11-22T07:21:14","guid":{"rendered":"http:\/\/flatsome.dev\/?page_id=3257"},"modified":"2025-05-04T12:59:14","modified_gmt":"2025-05-04T05:59:14","slug":"mega-shop","status":"publish","type":"page","link":"https:\/\/8xbet2.cam\/","title":{"rendered":"8xbet2 \u0110\u0103ng Nh\u1eadp | Trang Ch\u1ee7 Ch\u00ednh Th\u1ee9c Khuy\u1ebfn M\u00e3i 1288K"},"content":{"rendered":"<div class=\"slider-wrapper relative\" id=\"slider-302310868\" >\n    <div class=\"slider slider-nav-circle slider-nav-large slider-nav-light slider-style-normal\"\n        data-flickity-options='{\n            \"cellAlign\": \"center\",\n            \"imagesLoaded\": true,\n            \"lazyLoad\": 1,\n            \"freeScroll\": false,\n            \"wrapAround\": true,\n            \"autoPlay\": 5000,\n            \"pauseAutoPlayOnHover\" : false,\n            \"prevNextButtons\": true,\n            \"contain\" : true,\n            \"adaptiveHeight\" : true,\n            \"dragThreshold\" : 10,\n            \"percentPosition\": true,\n            \"pageDots\": false,\n            \"rightToLeft\": false,\n            \"draggable\": true,\n            \"selectedAttraction\": 0.1,\n            \"parallax\" : 0,\n            \"friction\": 0.6        }'\n        >\n        \n\t<div class=\"img has-hover x md-x lg-x y md-y lg-y\" id=\"image_1394940070\">\n\t\t\t\t\t\t\t\t<div class=\"img-inner dark\" >\n\t\t\t<img loading=\"lazy\" decoding=\"async\" width=\"1020\" height=\"239\" src=\"https:\/\/8xbet2.cam\/wp-content\/uploads\/2019\/08\/slide-1-1024x240.jpg\" class=\"attachment-large size-large\" alt=\"\" srcset=\"https:\/\/8xbet2.cam\/wp-content\/uploads\/2019\/08\/slide-1-1024x240.jpg 1024w, https:\/\/8xbet2.cam\/wp-content\/uploads\/2019\/08\/slide-1-300x70.jpg 300w, https:\/\/8xbet2.cam\/wp-content\/uploads\/2019\/08\/slide-1-768x180.jpg 768w, https:\/\/8xbet2.cam\/wp-content\/uploads\/2019\/08\/slide-1-1536x360.jpg 1536w, https:\/\/8xbet2.cam\/wp-content\/uploads\/2019\/08\/slide-1.jpg 1920w\" sizes=\"auto, (max-width: 1020px) 100vw, 1020px\" \/>\t\t\t\t\t\t\n\t\t\t\t\t<\/div>\n\t\t\t\t\t\t\t\t\n<style>\n#image_1394940070 {\n  width: 100%;\n}\n<\/style>\n\t<\/div>\n\t\n\t<div class=\"img has-hover x md-x lg-x y md-y lg-y\" id=\"image_1826268937\">\n\t\t\t\t\t\t\t\t<div class=\"img-inner dark\" >\n\t\t\t<img loading=\"lazy\" decoding=\"async\" width=\"1020\" height=\"239\" src=\"https:\/\/8xbet2.cam\/wp-content\/uploads\/2019\/08\/slide-3-1024x240.jpg\" class=\"attachment-large size-large\" alt=\"\" srcset=\"https:\/\/8xbet2.cam\/wp-content\/uploads\/2019\/08\/slide-3-1024x240.jpg 1024w, https:\/\/8xbet2.cam\/wp-content\/uploads\/2019\/08\/slide-3-300x70.jpg 300w, https:\/\/8xbet2.cam\/wp-content\/uploads\/2019\/08\/slide-3-768x180.jpg 768w, https:\/\/8xbet2.cam\/wp-content\/uploads\/2019\/08\/slide-3-1536x360.jpg 1536w, https:\/\/8xbet2.cam\/wp-content\/uploads\/2019\/08\/slide-3.jpg 1920w\" sizes=\"auto, (max-width: 1020px) 100vw, 1020px\" \/>\t\t\t\t\t\t\n\t\t\t\t\t<\/div>\n\t\t\t\t\t\t\t\t\n<style>\n#image_1826268937 {\n  width: 100%;\n}\n<\/style>\n\t<\/div>\n\t\n\t<div class=\"img has-hover x md-x lg-x y md-y lg-y\" id=\"image_1605677811\">\n\t\t\t\t\t\t\t\t<div class=\"img-inner dark\" >\n\t\t\t<img loading=\"lazy\" decoding=\"async\" width=\"1020\" height=\"239\" src=\"https:\/\/8xbet2.cam\/wp-content\/uploads\/2019\/08\/slide-4-1024x240.jpg\" class=\"attachment-large size-large\" alt=\"\" srcset=\"https:\/\/8xbet2.cam\/wp-content\/uploads\/2019\/08\/slide-4-1024x240.jpg 1024w, https:\/\/8xbet2.cam\/wp-content\/uploads\/2019\/08\/slide-4-300x70.jpg 300w, https:\/\/8xbet2.cam\/wp-content\/uploads\/2019\/08\/slide-4-768x180.jpg 768w, https:\/\/8xbet2.cam\/wp-content\/uploads\/2019\/08\/slide-4-1536x360.jpg 1536w, https:\/\/8xbet2.cam\/wp-content\/uploads\/2019\/08\/slide-4.jpg 1920w\" sizes=\"auto, (max-width: 1020px) 100vw, 1020px\" \/>\t\t\t\t\t\t\n\t\t\t\t\t<\/div>\n\t\t\t\t\t\t\t\t\n<style>\n#image_1605677811 {\n  width: 100%;\n}\n<\/style>\n\t<\/div>\n\t\n\t<div class=\"img has-hover x md-x lg-x y md-y lg-y\" id=\"image_1917388891\">\n\t\t\t\t\t\t\t\t<div class=\"img-inner dark\" >\n\t\t\t<img loading=\"lazy\" decoding=\"async\" width=\"1020\" height=\"239\" src=\"https:\/\/8xbet2.cam\/wp-content\/uploads\/2019\/08\/slide-5-1024x240.jpg\" class=\"attachment-large size-large\" alt=\"\" srcset=\"https:\/\/8xbet2.cam\/wp-content\/uploads\/2019\/08\/slide-5-1024x240.jpg 1024w, https:\/\/8xbet2.cam\/wp-content\/uploads\/2019\/08\/slide-5-300x70.jpg 300w, https:\/\/8xbet2.cam\/wp-content\/uploads\/2019\/08\/slide-5-768x180.jpg 768w, https:\/\/8xbet2.cam\/wp-content\/uploads\/2019\/08\/slide-5-1536x360.jpg 1536w, https:\/\/8xbet2.cam\/wp-content\/uploads\/2019\/08\/slide-5.jpg 1920w\" sizes=\"auto, (max-width: 1020px) 100vw, 1020px\" \/>\t\t\t\t\t\t\n\t\t\t\t\t<\/div>\n\t\t\t\t\t\t\t\t\n<style>\n#image_1917388891 {\n  width: 100%;\n}\n<\/style>\n\t<\/div>\n\t\n     <\/div>\n\n     <div class=\"loading-spin dark large centered\"><\/div>\n\n\t<\/div>\n\n\n\n\t<section class=\"section section1 dark hide-for-small\" id=\"section_125561977\">\n\t\t<div class=\"section-bg fill\" >\n\t\t\t\t\t\t\t\t\t<button class=\"scroll-for-more z-5 icon absolute bottom h-center\" aria-label=\"Cu\u1ed9n \u0111\u1ec3 bi\u1ebft th\u00eam\"><i class=\"icon-angle-down\" style=\"font-size:42px;\" ><\/i><\/button>\n\t\t\t\n\n\t\t<\/div>\n\n\t\t\n\n\t\t<div class=\"section-content relative\">\n\t\t\t\n<div class=\"row row-collapse row-full-width align-center row1\"  id=\"row-110539653\">\n\n\t<div id=\"col-220295226\" class=\"col small-12 large-12\"  >\n\t\t\t\t<div class=\"col-inner text-center\"  >\n\t\t\t\n\t\t\t\n<div class=\"col-inner text-center\">\n<div id=\"row-321306411\" class=\"row row-collapse\">\n<div class=\"col medium-2 small-4 large-2\">\n<div class=\"col-inner\">\n<div class=\"bullhornMain\"><i class=\"fa fa-bullhorn\" aria-hidden=\"true\"><\/i> Th\u00f4ng b\u00e1o<\/div>\n<\/div>\n<\/div>\n<div class=\"col medium-10 small-8 large-10\">\n<div class=\"col-inner\">\n<p><span class=\"msTxt\">8xbet2 \u0111\u01b0\u1ee3c c\u00f4ng nh\u1eadn l\u00e0 Nh\u00e0 c\u00e1i cung c\u1ea5p K\u00e8o nh\u00e0 c\u00e1i b\u00f3ng \u0111\u00e1 uy t\u00edn nh\u1ea5t th\u1ecb tr\u01b0\u1eddng hi\u1ec7n nay. Tr\u1ea3i nghi\u1ec7m trang c\u00e1 c\u01b0\u1ee3c chuy\u00ean nghi\u1ec7p, l\u00e0 \u0111\u01a1n v\u1ecb t\u00e0i tr\u1ee3 cho CLB Manchester City t\u1ea1i Gi\u1ea3i B\u00f3ng \u0110\u00e1 Ngo\u1ea1i H\u1ea1ng Anh.<\/span><\/p>\n<\/div>\n<\/div>\n\t\t<\/div>\n\t\t\t\t\n<style>\n#col-220295226 > .col-inner {\n  padding: 57px 0px 2px 0px;\n  margin: -43px 29px -21px -8px;\n}\n<\/style>\n\t<\/div>\n\n\t\n\n<style>\n#row-110539653 > .col > .col-inner {\n  padding: 51px 8px 5px 0px;\n}\n<\/style>\n<\/div>\n\t\t<\/div>\n\n\t\t\n<style>\n#section_125561977 {\n  padding-top: 0px;\n  padding-bottom: 0px;\n  margin-bottom: 0px;\n  min-height: 0px;\n}\n<\/style>\n\t<\/section>\n\t\n\n\t<section class=\"section hide-for-small\" id=\"section_858628584\">\n\t\t<div class=\"section-bg fill\" >\n\t\t\t\t\t\t\t\t\t\n\t\t\t\n\n\t\t<\/div>\n\n\t\t\n\n\t\t<div class=\"section-content relative\">\n\t\t\t\n<div class=\"container section-title-container\" ><h2 class=\"section-title section-title-center\"><b><\/b><span class=\"section-title-main\" style=\"color:rgb(255, 0, 0);\">K\u00c8O NH\u00c0 C\u00c1I 8xbet2<\/span><b><\/b><\/h2><\/div>\n<div class=\"row\"  id=\"row-975339093\">\n\n\t<div id=\"col-1956972189\" class=\"col medium-4 small-12 large-4\"  >\n\t\t\t\t<div class=\"col-inner\"  >\n\t\t\t\n\t\t\t\n\t<div class=\"box has-hover   has-hover box-shadow-2 box-text-bottom\" >\n\n\t\t<div class=\"box-image\" style=\"width:98%;\">\n\t\t\t\t\t\t<div class=\"image-zoom\" >\n\t\t\t\t<img loading=\"lazy\" decoding=\"async\" width=\"657\" height=\"436\" src=\"https:\/\/8xbet2.cam\/wp-content\/uploads\/2019\/08\/20170120212844-casino.jpg\" class=\"attachment- size-\" alt=\"\" srcset=\"https:\/\/8xbet2.cam\/wp-content\/uploads\/2019\/08\/20170120212844-casino.jpg 657w, https:\/\/8xbet2.cam\/wp-content\/uploads\/2019\/08\/20170120212844-casino-300x199.jpg 300w\" sizes=\"auto, (max-width: 657px) 100vw, 657px\" \/>\t\t\t\t\t\t\t\t\t\t\t<\/div>\n\t\t\t\t\t<\/div>\n\n\t\t<div class=\"box-text text-center\" >\n\t\t\t<div class=\"box-text-inner\">\n\t\t\t\t\n<h3><span style=\"color: #ed1c24;\">T\u1ef6 L\u1ec6 T\u1ed0T NH\u1ea4T TH\u1eca TR\u01af\u1edcNG<\/span><\/h3>\n<p><span style=\"color: #282828;\">Nh\u00e0 c\u00e1i 8xbet2 cung c\u1ea5p \u0111\u1ed9c quy\u1ec1n K\u00e8o c\u00e1 c\u01b0\u1ee3c th\u1ec3 thao, v\u1edbi t\u1ef7 l\u1ec7 tr\u1ea3 th\u01b0\u1edfng cao, m\u1ee9c ho\u00e0n tr\u1ea3 trong ng\u00e0y l\u00ean t\u1edbi 2.5% v\u00e0 nhi\u1ec1u s\u1ef1 ki\u1ec7n khuy\u1ebfn m\u00e3i \u0111i k\u00e8m. Trang ch\u1ee7 \u0111\u01b0\u1ee3c thi\u1ebft k\u1ebf d\u00e0nh hi\u1ec3n th\u1ecb ri\u00eang cho b\u00f3ng \u0111\u00e1 r\u1ea5t tr\u1ef1c quan.<\/span><\/p>\n\t\t\t<\/div>\n\t\t<\/div>\n\t<\/div>\n\t\n\t\t<\/div>\n\t\t\t\t\t<\/div>\n\n\t\n\n\t<div id=\"col-200681862\" class=\"col medium-4 small-12 large-4\"  >\n\t\t\t\t<div class=\"col-inner\"  >\n\t\t\t\n\t\t\t\n\t<div class=\"box has-hover   has-hover box-shadow-2 box-text-bottom\" >\n\n\t\t<div class=\"box-image\" >\n\t\t\t\t\t\t<div class=\"image-zoom\" >\n\t\t\t\t<img loading=\"lazy\" decoding=\"async\" width=\"1268\" height=\"828\" src=\"https:\/\/8xbet2.cam\/wp-content\/uploads\/2019\/08\/casino_gambling.jpg\" class=\"attachment- size-\" alt=\"\" srcset=\"https:\/\/8xbet2.cam\/wp-content\/uploads\/2019\/08\/casino_gambling.jpg 1268w, https:\/\/8xbet2.cam\/wp-content\/uploads\/2019\/08\/casino_gambling-300x196.jpg 300w, https:\/\/8xbet2.cam\/wp-content\/uploads\/2019\/08\/casino_gambling-1024x669.jpg 1024w, https:\/\/8xbet2.cam\/wp-content\/uploads\/2019\/08\/casino_gambling-768x502.jpg 768w\" sizes=\"auto, (max-width: 1268px) 100vw, 1268px\" \/>\t\t\t\t\t\t\t\t\t\t\t<\/div>\n\t\t\t\t\t<\/div>\n\n\t\t<div class=\"box-text text-center\" >\n\t\t\t<div class=\"box-text-inner\">\n\t\t\t\t\n<h3><span style=\"color: #ed1c24;\">\u0110\u0102NG K\u00dd T\u1ea2I APP NHANH CH\u00d3NG<\/span><\/h3>\n<p><span style=\"color: #282828;\">\u0110\u0103ng k\u00fd c\u00e1 c\u01b0\u1ee3c t\u1ea1i Nh\u00e0 c\u00e1i 8xbet2.Com ng\u01b0\u1eddi ch\u01a1i s\u1ebd \u0111\u01b0\u1ee3c \u0111\u1ea3m b\u1ea3o tr\u1ea3i nghi\u1ec7m an to\u00e0n do \u0111\u00e2y l\u00e0 t\u1eadp \u0111o\u00e0n danh ti\u1ebfng th\u1ebf gi\u1edbi, m\u00e1y ch\u1ee7 \u0111\u1eb7t t\u1ea1i Ch\u00e2u \u00c2u. \u0110\u1ed3ng th\u1eddi h\u1ed9i vi\u00ean \u0111\u01b0\u1ee3c cung c\u1ea5p b\u1ea3n \u1ee9ng d\u1ee5ng v\u1edbi r\u1ea5t nhi\u1ec1u t\u00ednh n\u0103ng h\u1ed7 tr\u1ee3 \u0111\u1eb7t c\u01b0\u1ee3c chuy\u00ean nghi\u1ec7p v\u00e0 b\u1ea3o m\u1eadt.<\/span><\/p>\n\t\t\t<\/div>\n\t\t<\/div>\n\t<\/div>\n\t\n\t\t<\/div>\n\t\t\t\t\t<\/div>\n\n\t\n\n\t<div id=\"col-1505422029\" class=\"col medium-4 small-12 large-4\"  >\n\t\t\t\t<div class=\"col-inner\"  >\n\t\t\t\n\t\t\t\n\t<div class=\"box has-hover   has-hover box-shadow-2 box-text-bottom\" >\n\n\t\t<div class=\"box-image\" style=\"width:98%;\">\n\t\t\t\t\t\t<div class=\"image-zoom\" >\n\t\t\t\t<img loading=\"lazy\" decoding=\"async\" width=\"2000\" height=\"1334\" src=\"https:\/\/8xbet2.cam\/wp-content\/uploads\/2019\/08\/170101-casino.jpeg\" class=\"attachment- size-\" alt=\"\" srcset=\"https:\/\/8xbet2.cam\/wp-content\/uploads\/2019\/08\/170101-casino.jpeg 2000w, https:\/\/8xbet2.cam\/wp-content\/uploads\/2019\/08\/170101-casino-300x200.jpeg 300w, https:\/\/8xbet2.cam\/wp-content\/uploads\/2019\/08\/170101-casino-1024x683.jpeg 1024w, https:\/\/8xbet2.cam\/wp-content\/uploads\/2019\/08\/170101-casino-768x512.jpeg 768w, https:\/\/8xbet2.cam\/wp-content\/uploads\/2019\/08\/170101-casino-1536x1025.jpeg 1536w\" sizes=\"auto, (max-width: 2000px) 100vw, 2000px\" \/>\t\t\t\t\t\t\t\t\t\t\t<\/div>\n\t\t\t\t\t<\/div>\n\n\t\t<div class=\"box-text text-center\" >\n\t\t\t<div class=\"box-text-inner\">\n\t\t\t\t\n<h3><span style=\"color: #ed1c24;\">N\u1ea0P V\u00c0 R\u00daT TI\u1ec0N NHANH NH\u1ea4T<\/span><\/h3>\n<p><span style=\"color: #282828;\"><b>8xbet2 <\/b>c\u00f3 t\u1ed5ng \u0111\u00e0i CSKH ho\u1ea1t \u0111\u1ed9ng 24\/7 v\u1edbi ki\u1ebfn th\u1ee9c chuy\u00ean m\u00f4n cao, \u0111\u01b0\u1ee3c \u0111\u00e0o t\u1ea1o b\u00e0i b\u1ea3n. Lu\u00f4n s\u1eb5n s\u00e0ng h\u1ed7 tr\u1ee3 ng\u01b0\u1eddi ch\u01a1i n\u1ea1p r\u00fat ti\u1ec1n nhanh ch\u00f3ng v\u1edbi th\u00e1i \u0111\u1ed9 nh\u00e3 nh\u1eb7n v\u00e0 ni\u1ec1m n\u1edf. C\u00e1c k\u00eanh thanh to\u00e1n v\u1ec1 Ng\u00e2n h\u00e0ng VN lu\u00f4n \u1ed5n \u0111\u1ecbnh v\u00e0 chu\u1ea9n x\u00e1c.<\/span><\/p>\n\t\t\t<\/div>\n\t\t<\/div>\n\t<\/div>\n\t\n\t\t<\/div>\n\t\t\t\t\t<\/div>\n\n\t\n<\/div>\n<div class=\"row\"  id=\"row-993478506\">\n\n\t<div id=\"col-1710339436\" class=\"col medium-6 small-12 large-6\"  >\n\t\t\t\t<div class=\"col-inner\"  >\n\t\t\t\n\t\t\t\n<a href=\"https:\/\/hubet68.run\/ww251\" class=\"button primary is-bevel is-large box-shadow-2 box-shadow-3-hover lowercase expand btn-signup\"  >\n\t\t<span>\u0110\u0103ng k\u00fd ngay<\/span>\n\t<\/a>\n\n\t\t<\/div>\n\t\t\t\t\t<\/div>\n\n\t\n\n\t<div id=\"col-1118361884\" class=\"col medium-6 small-12 large-6\"  >\n\t\t\t\t<div class=\"col-inner\"  >\n\t\t\t\n\t\t\t\n<a href=\"https:\/\/hubet68.run\/ww251\" class=\"button success is-bevel is-large box-shadow-2 box-shadow-3-hover lowercase expand btn-help\"  >\n\t\t<span>\u0110\u0103ng nh\u1eadp<\/span>\n\t<\/a>\n\n\t\t<\/div>\n\t\t\t\t\t<\/div>\n\n\t\n\n<style>\n#row-993478506 > .col > .col-inner {\n  padding: 8px 0px 0px 0px;\n}\n<\/style>\n<\/div>\n\t\t<\/div>\n\n\t\t\n<style>\n#section_858628584 {\n  padding-top: 30px;\n  padding-bottom: 30px;\n}\n<\/style>\n\t<\/section>\n\t\n\n\t<section class=\"section show-for-small\" id=\"section_334199022\">\n\t\t<div class=\"section-bg fill\" >\n\t\t\t\t\t\t\t\t\t\n\t\t\t\n\n\t\t<\/div>\n\n\t\t\n\n\t\t<div class=\"section-content relative\">\n\t\t\t\n<div class=\"row row-small\"  id=\"row-474100590\">\n\n\t<div id=\"col-1302693319\" class=\"col medium-6 small-6 large-6\"  >\n\t\t\t\t<div class=\"col-inner\"  >\n\t\t\t\n\t\t\t\n\n  <div class=\"banner has-hover\" id=\"banner-1127920792\">\n          <div class=\"banner-inner fill\">\n        <div class=\"banner-bg fill\" >\n            <img loading=\"lazy\" decoding=\"async\" width=\"285\" height=\"354\" src=\"https:\/\/8xbet2.cam\/wp-content\/uploads\/2019\/08\/sport-vat.png\" class=\"bg attachment-large size-large\" alt=\"\" \/>                                    \n                    <\/div>\n\t\t\n        <div class=\"banner-layers container\">\n            <a class=\"fill\" href=\"https:\/\/8xbet2.cam\/6p9w\" ><div class=\"fill banner-link\"><\/div><\/a>            \n   <div id=\"text-box-1503627777\" class=\"text-box banner-layer x50 md-x50 lg-x50 y100 md-y50 lg-y50 res-text\">\n                                <div class=\"text-box-content text dark\">\n              \n              <div class=\"text-inner text-center\">\n                  \n<h4 class=\"uppercase\"><a href=\"http:\/\/kubet4.maugiaodien.com\/the-thao\/\"><span style=\"font-size: 100%;\">Th\u1ec2 THAO<\/span><\/a><\/h4>\n              <\/div>\n           <\/div>\n                            \n<style>\n#text-box-1503627777 {\n  width: 60%;\n}\n#text-box-1503627777 .text-box-content {\n  font-size: 100%;\n}\n<\/style>\n    <\/div>\n \n        <\/div>\n      <\/div>\n\n            \n<style>\n#banner-1127920792 {\n  padding-top: 216px;\n  background-color: rgba(255, 255, 255, 0.45);\n}\n#banner-1127920792 .banner-bg img {\n  object-position: 53% 55%;\n}\n@media (min-width:550px) {\n  #banner-1127920792 {\n    padding-top: 500px;\n  }\n}\n<\/style>\n  <\/div>\n\n\n\t\t<\/div>\n\t\t\t\t\t<\/div>\n\n\t\n\n\t<div id=\"col-1890337588\" class=\"col medium-6 small-6 large-6\"  >\n\t\t\t\t<div class=\"col-inner\"  >\n\t\t\t\n\t\t\t\n\n  <div class=\"banner has-hover\" id=\"banner-1790313220\">\n          <div class=\"banner-inner fill\">\n        <div class=\"banner-bg fill\" >\n            <img loading=\"lazy\" decoding=\"async\" width=\"852\" height=\"480\" src=\"https:\/\/8xbet2.cam\/wp-content\/uploads\/2019\/08\/11.jpg\" class=\"bg attachment-large size-large\" alt=\"\" \/>                                    \n                    <\/div>\n\t\t\n        <div class=\"banner-layers container\">\n            <div class=\"fill banner-link\"><\/div>            \n   <div id=\"text-box-2066195677\" class=\"text-box banner-layer x100 md-x50 lg-x50 y50 md-y50 lg-y50 res-text\">\n                                <div class=\"text-box-content text dark\">\n              \n              <div class=\"text-inner text-center\">\n                  \n              <\/div>\n           <\/div>\n                            \n<style>\n#text-box-2066195677 {\n  width: 60%;\n}\n#text-box-2066195677 .text-box-content {\n  font-size: 100%;\n}\n<\/style>\n    <\/div>\n \n\t<div class=\"img has-hover x0 md-x50 lg-x50 y50 md-y50 lg-y50\" id=\"image_382765907\">\n\t\t<a class=\"\" href=\"https:\/\/8xbet2.cam\/6p9w\" >\t\t\t\t\t\t<div class=\"img-inner dark\" >\n\t\t\t<img loading=\"lazy\" decoding=\"async\" width=\"100\" height=\"109\" src=\"https:\/\/8xbet2.cam\/wp-content\/uploads\/2019\/08\/img_girl_mc.png\" class=\"attachment-large size-large\" alt=\"\" \/>\t\t\t\t\t\t\n\t\t\t\t\t<\/div>\n\t\t\t\t\t\t<\/a>\t\t\n<style>\n#image_382765907 {\n  width: 33%;\n}\n@media (min-width:550px) {\n  #image_382765907 {\n    width: 100%;\n  }\n}\n<\/style>\n\t<\/div>\n\t\n        <\/div>\n      <\/div>\n\n            \n<style>\n#banner-1790313220 {\n  padding-top: 65px;\n}\n@media (min-width:550px) {\n  #banner-1790313220 {\n    padding-top: 500px;\n  }\n}\n<\/style>\n  <\/div>\n\n\n\t<div id=\"gap-449249497\" class=\"gap-element clearfix\" style=\"display:block; height:auto;\">\n\t\t\n<style>\n#gap-449249497 {\n  padding-top: 10px;\n}\n<\/style>\n\t<\/div>\n\t\n\n  <div class=\"banner has-hover\" id=\"banner-1054510002\">\n          <div class=\"banner-inner fill\">\n        <div class=\"banner-bg fill\" >\n                                                \n                    <\/div>\n\t\t\n        <div class=\"banner-layers container\">\n            <div class=\"fill banner-link\"><\/div>            \n   <div id=\"text-box-972681009\" class=\"text-box banner-layer x100 md-x50 lg-x50 y50 md-y50 lg-y50 res-text\">\n                                <div class=\"text-box-content text dark\">\n              \n              <div class=\"text-inner text-center\">\n                  \n              <\/div>\n           <\/div>\n                            \n<style>\n#text-box-972681009 {\n  width: 60%;\n}\n#text-box-972681009 .text-box-content {\n  font-size: 100%;\n}\n<\/style>\n    <\/div>\n \n\t<div class=\"img has-hover x0 md-x50 lg-x50 y50 md-y50 lg-y50\" id=\"image_1621007480\">\n\t\t<a class=\"\" href=\"https:\/\/8xbet2.cam\/6p9w\" >\t\t\t\t\t\t<div class=\"img-inner dark\" >\n\t\t\t<img loading=\"lazy\" decoding=\"async\" width=\"100\" height=\"109\" src=\"https:\/\/8xbet2.cam\/wp-content\/uploads\/2019\/08\/icon_home_anchor.png\" class=\"attachment-large size-large\" alt=\"\" \/>\t\t\t\t\t\t\n\t\t\t\t\t<\/div>\n\t\t\t\t\t\t<\/a>\t\t\n<style>\n#image_1621007480 {\n  width: 37%;\n}\n@media (min-width:550px) {\n  #image_1621007480 {\n    width: 100%;\n  }\n}\n<\/style>\n\t<\/div>\n\t\n        <\/div>\n      <\/div>\n\n            \n<style>\n#banner-1054510002 {\n  padding-top: 65px;\n}\n@media (min-width:550px) {\n  #banner-1054510002 {\n    padding-top: 500px;\n  }\n}\n<\/style>\n  <\/div>\n\n\n\t<div id=\"gap-860460887\" class=\"gap-element clearfix\" style=\"display:block; height:auto;\">\n\t\t\n<style>\n#gap-860460887 {\n  padding-top: 10px;\n}\n<\/style>\n\t<\/div>\n\t\n\n  <div class=\"banner has-hover\" id=\"banner-834922422\">\n          <div class=\"banner-inner fill\">\n        <div class=\"banner-bg fill\" >\n            <img loading=\"lazy\" decoding=\"async\" width=\"1020\" height=\"574\" src=\"https:\/\/8xbet2.cam\/wp-content\/uploads\/2019\/08\/13081-01-gradient-designs-powerpoint-backgrounds-16x9-1-1024x576.jpg\" class=\"bg attachment-large size-large\" alt=\"\" \/>                                    \n                    <\/div>\n\t\t\n        <div class=\"banner-layers container\">\n            <div class=\"fill banner-link\"><\/div>            \n   <div id=\"text-box-1636357320\" class=\"text-box banner-layer x100 md-x50 lg-x50 y50 md-y50 lg-y50 res-text\">\n                                <div class=\"text-box-content text dark\">\n              \n              <div class=\"text-inner text-center\">\n                  \n<h4 class=\"uppercase\"><a href=\"http:\/\/kubet4.maugiaodien.com\/game\/\">GAME<\/a><\/h4>\n              <\/div>\n           <\/div>\n                            \n<style>\n#text-box-1636357320 {\n  width: 60%;\n}\n#text-box-1636357320 .text-box-content {\n  font-size: 100%;\n}\n<\/style>\n    <\/div>\n \n\t<div class=\"img has-hover x0 md-x50 lg-x50 y95 md-y50 lg-y50\" id=\"image_1842445661\">\n\t\t<a class=\"\" href=\"https:\/\/8xbet2.cam\/6p9w\" >\t\t\t\t\t\t<div class=\"img-inner dark\" >\n\t\t\t<img loading=\"lazy\" decoding=\"async\" width=\"100\" height=\"109\" src=\"https:\/\/8xbet2.cam\/wp-content\/uploads\/2019\/08\/icon_home_people.png\" class=\"attachment-large size-large\" alt=\"\" \/>\t\t\t\t\t\t\n\t\t\t\t\t<\/div>\n\t\t\t\t\t\t<\/a>\t\t\n<style>\n#image_1842445661 {\n  width: 36%;\n}\n@media (min-width:550px) {\n  #image_1842445661 {\n    width: 100%;\n  }\n}\n<\/style>\n\t<\/div>\n\t\n        <\/div>\n      <\/div>\n\n            \n<style>\n#banner-834922422 {\n  padding-top: 65px;\n}\n@media (min-width:550px) {\n  #banner-834922422 {\n    padding-top: 500px;\n  }\n}\n<\/style>\n  <\/div>\n\n\n\t\t<\/div>\n\t\t\t\t\t<\/div>\n\n\t\n<\/div>\n<div class=\"row row-small\"  id=\"row-1383250068\">\n\n\t<div id=\"col-1998521589\" class=\"col medium-6 small-6 large-6\"  >\n\t\t\t\t<div class=\"col-inner\"  >\n\t\t\t\n\t\t\t\n\n  <div class=\"banner has-hover bg-glow\" id=\"banner-973752530\">\n          <div class=\"banner-inner fill\">\n        <div class=\"banner-bg fill\" >\n            <img loading=\"lazy\" decoding=\"async\" width=\"852\" height=\"480\" src=\"https:\/\/8xbet2.cam\/wp-content\/uploads\/2019\/08\/new11.jpg\" class=\"bg attachment-large size-large\" alt=\"\" \/>                                    \n                    <\/div>\n\t\t\n        <div class=\"banner-layers container\">\n            <a class=\"fill\" href=\"https:\/\/8xbet2.cam\/6p9w\" ><div class=\"fill banner-link\"><\/div><\/a>            \n   <div id=\"text-box-659194379\" class=\"text-box banner-layer x95 md-x50 lg-x50 y95 md-y50 lg-y50 res-text\">\n                                <div class=\"text-box-content text dark\">\n              \n              <div class=\"text-inner text-center\">\n                  \n              <\/div>\n           <\/div>\n                            \n<style>\n#text-box-659194379 {\n  width: 60%;\n}\n#text-box-659194379 .text-box-content {\n  font-size: 100%;\n}\n<\/style>\n    <\/div>\n \n\t<div class=\"img has-hover x0 md-x50 lg-x50 y95 md-y50 lg-y50\" id=\"image_1831522730\">\n\t\t<a class=\"\" href=\"https:\/\/8xbet2.cam\/6p9w\" >\t\t\t\t\t\t<div class=\"img-inner dark\" >\n\t\t\t<img loading=\"lazy\" decoding=\"async\" width=\"199\" height=\"200\" src=\"https:\/\/8xbet2.cam\/wp-content\/uploads\/2019\/08\/ic-down-app.png\" class=\"attachment-large size-large\" alt=\"\" srcset=\"https:\/\/8xbet2.cam\/wp-content\/uploads\/2019\/08\/ic-down-app.png 199w, https:\/\/8xbet2.cam\/wp-content\/uploads\/2019\/08\/ic-down-app-150x150.png 150w\" sizes=\"auto, (max-width: 199px) 100vw, 199px\" \/>\t\t\t\t\t\t\n\t\t\t\t\t<\/div>\n\t\t\t\t\t\t<\/a>\t\t\n<style>\n#image_1831522730 {\n  width: 35%;\n}\n@media (min-width:550px) {\n  #image_1831522730 {\n    width: 100%;\n  }\n}\n<\/style>\n\t<\/div>\n\t\n        <\/div>\n      <\/div>\n\n            \n<style>\n#banner-973752530 {\n  padding-top: 65px;\n}\n@media (min-width:550px) {\n  #banner-973752530 {\n    padding-top: 500px;\n  }\n}\n<\/style>\n  <\/div>\n\n\n\t\t<\/div>\n\t\t\t\t\t<\/div>\n\n\t\n\n\t<div id=\"col-200223826\" class=\"col medium-6 small-6 large-6\"  >\n\t\t\t\t<div class=\"col-inner\"  >\n\t\t\t\n\t\t\t\n\n  <div class=\"banner has-hover\" id=\"banner-361331648\">\n          <div class=\"banner-inner fill\">\n        <div class=\"banner-bg fill\" >\n            <img loading=\"lazy\" decoding=\"async\" width=\"852\" height=\"480\" src=\"https:\/\/8xbet2.cam\/wp-content\/uploads\/2019\/08\/1-1.jpg\" class=\"bg attachment-large size-large\" alt=\"\" \/>                                    \n                    <\/div>\n\t\t\n        <div class=\"banner-layers container\">\n            <div class=\"fill banner-link\"><\/div>            \n   <div id=\"text-box-2058632659\" class=\"text-box banner-layer x100 md-x50 lg-x50 y50 md-y50 lg-y50 res-text\">\n                                <div class=\"text-box-content text dark\">\n              \n              <div class=\"text-inner text-center\">\n                  \n<h4 class=\"uppercase\"><a href=\"http:\/\/kubet4.maugiaodien.com\/xo-so\/\">X\u1ed4 S\u1ed0<\/a><\/h4>\n              <\/div>\n           <\/div>\n                            \n<style>\n#text-box-2058632659 {\n  width: 60%;\n}\n#text-box-2058632659 .text-box-content {\n  font-size: 100%;\n}\n<\/style>\n    <\/div>\n \n\t<div class=\"img has-hover x0 md-x50 lg-x50 y50 md-y50 lg-y50\" id=\"image_689514693\">\n\t\t<a class=\"\" href=\"https:\/\/8xbet2.cam\/6p9w\" >\t\t\t\t\t\t<div class=\"img-inner dark\" >\n\t\t\t<img loading=\"lazy\" decoding=\"async\" width=\"100\" height=\"109\" src=\"https:\/\/8xbet2.cam\/wp-content\/uploads\/2019\/08\/ic_mobi_ball.png\" class=\"attachment-large size-large\" alt=\"\" \/>\t\t\t\t\t\t\n\t\t\t\t\t<\/div>\n\t\t\t\t\t\t<\/a>\t\t\n<style>\n#image_689514693 {\n  width: 38%;\n}\n@media (min-width:550px) {\n  #image_689514693 {\n    width: 100%;\n  }\n}\n<\/style>\n\t<\/div>\n\t\n        <\/div>\n      <\/div>\n\n            \n<style>\n#banner-361331648 {\n  padding-top: 65px;\n}\n@media (min-width:550px) {\n  #banner-361331648 {\n    padding-top: 500px;\n  }\n}\n<\/style>\n  <\/div>\n\n\n\t\t<\/div>\n\t\t\t\t\t<\/div>\n\n\t\n<\/div>\n\t\t<\/div>\n\n\t\t\n<style>\n#section_334199022 {\n  padding-top: 30px;\n  padding-bottom: 30px;\n}\n<\/style>\n\t<\/section>\n\t\n<\/div>\n<\/div>\n","protected":false},"excerpt":{"rendered":"","protected":false},"author":1,"featured_media":0,"parent":0,"menu_order":9,"comment_status":"closed","ping_status":"closed","template":"page-blank.php","meta":{"footnotes":""},"class_list":["post-59","page","type-page","status-publish","hentry"],"_links":{"self":[{"href":"https:\/\/8xbet2.cam\/index.php?rest_route=\/wp\/v2\/pages\/59","targetHints":{"allow":["GET"]}}],"collection":[{"href":"https:\/\/8xbet2.cam\/index.php?rest_route=\/wp\/v2\/pages"}],"about":[{"href":"https:\/\/8xbet2.cam\/index.php?rest_route=\/wp\/v2\/types\/page"}],"author":[{"embeddable":true,"href":"https:\/\/8xbet2.cam\/index.php?rest_route=\/wp\/v2\/users\/1"}],"replies":[{"embeddable":true,"href":"https:\/\/8xbet2.cam\/index.php?rest_route=%2Fwp%2Fv2%2Fcomments&post=59"}],"version-history":[{"count":9,"href":"https:\/\/8xbet2.cam\/index.php?rest_route=\/wp\/v2\/pages\/59\/revisions"}],"predecessor-version":[{"id":1900,"href":"https:\/\/8xbet2.cam\/index.php?rest_route=\/wp\/v2\/pages\/59\/revisions\/1900"}],"wp:attachment":[{"href":"https:\/\/8xbet2.cam\/index.php?rest_route=%2Fwp%2Fv2%2Fmedia&parent=59"}],"curies":[{"name":"wp","href":"https:\/\/api.w.org\/{rel}","templated":true}]}}